{"id":20,"date":"2022-04-14T09:20:01","date_gmt":"2022-04-14T09:20:01","guid":{"rendered":"https:\/\/ventanaabierta.org\/va\/?page_id=20"},"modified":"2022-04-15T01:25:11","modified_gmt":"2022-04-15T01:25:11","slug":"nosotros","status":"publish","type":"page","link":"https:\/\/ventanaabierta.org\/va\/nosotros\/","title":{"rendered":"Nosotros"},"content":{"rendered":"\t\t<div data-elementor-type=\"wp-page\" data-elementor-id=\"20\" class=\"elementor elementor-20\">\n\t\t\t\t\t\t\t\t\t<section class=\"elementor-section elementor-top-section elementor-element elementor-element-fbc5207 elementor-section-boxed elementor-section-height-default elementor-section-height-default\" data-id=\"fbc5207\" data-element_type=\"section\">\n\t\t\t\t\t\t<div class=\"elementor-container elementor-column-gap-default\">\n\t\t\t\t\t<div class=\"elementor-column elementor-col-100 elementor-top-column elementor-element elementor-element-dfbc66b\" data-id=\"dfbc66b\" data-element_type=\"column\">\n\t\t\t<div class=\"elementor-widget-wrap elementor-element-populated\">\n\t\t\t\t\t\t\t\t<div class=\"elementor-element elementor-element-1296b21 elementor-widget elementor-widget-image\" data-id=\"1296b21\" data-element_type=\"widget\" data-widget_type=\"image.default\">\n\t\t\t\t<div class=\"elementor-widget-container\">\n\t\t\t\t\t\t\t\t\t\t\t\t\t\t\t<img loading=\"lazy\" decoding=\"async\" width=\"1600\" height=\"400\" src=\"https:\/\/ventanaabierta.org\/va\/wp-content\/uploads\/2022\/04\/bn_ventana_abierta.jpg\" class=\"attachment-full size-full\" alt=\"\" srcset=\"https:\/\/ventanaabierta.org\/va\/wp-content\/uploads\/2022\/04\/bn_ventana_abierta.jpg 1600w, https:\/\/ventanaabierta.org\/va\/wp-content\/uploads\/2022\/04\/bn_ventana_abierta-300x75.jpg 300w, https:\/\/ventanaabierta.org\/va\/wp-content\/uploads\/2022\/04\/bn_ventana_abierta-1024x256.jpg 1024w, https:\/\/ventanaabierta.org\/va\/wp-content\/uploads\/2022\/04\/bn_ventana_abierta-768x192.jpg 768w, https:\/\/ventanaabierta.org\/va\/wp-content\/uploads\/2022\/04\/bn_ventana_abierta-1536x384.jpg 1536w\" sizes=\"auto, (max-width: 1600px) 100vw, 1600px\" \/>\t\t\t\t\t\t\t\t\t\t\t\t\t\t\t<\/div>\n\t\t\t\t<\/div>\n\t\t\t\t\t<\/div>\n\t\t<\/div>\n\t\t\t\t\t\t\t<\/div>\n\t\t<\/section>\n\t\t\t\t<section class=\"elementor-section elementor-top-section elementor-element elementor-element-a787830 elementor-section-boxed elementor-section-height-default elementor-section-height-default\" data-id=\"a787830\" data-element_type=\"section\">\n\t\t\t\t\t\t<div class=\"elementor-container elementor-column-gap-default\">\n\t\t\t\t\t<div class=\"elementor-column elementor-col-20 elementor-top-column elementor-element elementor-element-14598ed\" data-id=\"14598ed\" data-element_type=\"column\">\n\t\t\t<div class=\"elementor-widget-wrap elementor-element-populated\">\n\t\t\t\t\t\t\t\t<div class=\"elementor-element elementor-element-8103265 elementor-widget elementor-widget-image\" data-id=\"8103265\" data-element_type=\"widget\" data-widget_type=\"image.default\">\n\t\t\t\t<div class=\"elementor-widget-container\">\n\t\t\t\t\t\t\t\t\t\t\t\t\t\t\t<img loading=\"lazy\" decoding=\"async\" width=\"270\" height=\"270\" src=\"https:\/\/ventanaabierta.org\/va\/wp-content\/uploads\/2022\/04\/MISION_va.png\" class=\"attachment-medium size-medium\" alt=\"\" srcset=\"https:\/\/ventanaabierta.org\/va\/wp-content\/uploads\/2022\/04\/MISION_va.png 270w, https:\/\/ventanaabierta.org\/va\/wp-content\/uploads\/2022\/04\/MISION_va-150x150.png 150w\" sizes=\"auto, (max-width: 270px) 100vw, 270px\" \/>\t\t\t\t\t\t\t\t\t\t\t\t\t\t\t<\/div>\n\t\t\t\t<\/div>\n\t\t\t\t<div class=\"elementor-element elementor-element-6d59622 elementor-widget elementor-widget-heading\" data-id=\"6d59622\" data-element_type=\"widget\" data-widget_type=\"heading.default\">\n\t\t\t\t<div class=\"elementor-widget-container\">\n\t\t\t<h2 class=\"elementor-heading-title elementor-size-default\">Misi\u00f3n<\/h2>\t\t<\/div>\n\t\t\t\t<\/div>\n\t\t\t\t<div class=\"elementor-element elementor-element-2236ccc elementor-widget elementor-widget-text-editor\" data-id=\"2236ccc\" data-element_type=\"widget\" data-widget_type=\"text-editor.default\">\n\t\t\t\t<div class=\"elementor-widget-container\">\n\t\t\t\t\t\t\t<ul><li><u>Mantener informados<\/u>\u00a0a los diferentes tipos lectores, a trav\u00e9s de noticias y actividades que desarrolla la Organizaci\u00f3n Educativa cultural Ventana Abierta<\/li><\/ul>\t\t\t\t\t\t<\/div>\n\t\t\t\t<\/div>\n\t\t\t\t\t<\/div>\n\t\t<\/div>\n\t\t\t\t<div class=\"elementor-column elementor-col-20 elementor-top-column elementor-element elementor-element-aa54a83\" data-id=\"aa54a83\" data-element_type=\"column\">\n\t\t\t<div class=\"elementor-widget-wrap\">\n\t\t\t\t\t\t\t\t\t<\/div>\n\t\t<\/div>\n\t\t\t\t<div class=\"elementor-column elementor-col-20 elementor-top-column elementor-element elementor-element-8b5ab66\" data-id=\"8b5ab66\" data-element_type=\"column\">\n\t\t\t<div class=\"elementor-widget-wrap elementor-element-populated\">\n\t\t\t\t\t\t\t\t<div class=\"elementor-element elementor-element-8a3e78b elementor-widget elementor-widget-image\" data-id=\"8a3e78b\" data-element_type=\"widget\" data-widget_type=\"image.default\">\n\t\t\t\t<div class=\"elementor-widget-container\">\n\t\t\t\t\t\t\t\t\t\t\t\t\t\t\t<img loading=\"lazy\" decoding=\"async\" width=\"270\" height=\"270\" src=\"https:\/\/ventanaabierta.org\/va\/wp-content\/uploads\/2022\/04\/VISION_va.png\" class=\"attachment-large size-large\" alt=\"\" srcset=\"https:\/\/ventanaabierta.org\/va\/wp-content\/uploads\/2022\/04\/VISION_va.png 270w, https:\/\/ventanaabierta.org\/va\/wp-content\/uploads\/2022\/04\/VISION_va-150x150.png 150w\" sizes=\"auto, (max-width: 270px) 100vw, 270px\" \/>\t\t\t\t\t\t\t\t\t\t\t\t\t\t\t<\/div>\n\t\t\t\t<\/div>\n\t\t\t\t<div class=\"elementor-element elementor-element-cd59b10 elementor-widget elementor-widget-heading\" data-id=\"cd59b10\" data-element_type=\"widget\" data-widget_type=\"heading.default\">\n\t\t\t\t<div class=\"elementor-widget-container\">\n\t\t\t<h2 class=\"elementor-heading-title elementor-size-default\">Visi\u00f3n<\/h2>\t\t<\/div>\n\t\t\t\t<\/div>\n\t\t\t\t<div class=\"elementor-element elementor-element-44220fc elementor-widget elementor-widget-text-editor\" data-id=\"44220fc\" data-element_type=\"widget\" data-widget_type=\"text-editor.default\">\n\t\t\t\t<div class=\"elementor-widget-container\">\n\t\t\t\t\t\t\t<ul><li><u><span lang=\"ES-PE\">Ser el referente digital m\u00e1s grande de Per\u00fa<\/span><\/u><span lang=\"ES-PE\">\u00a0y referencia para todos aquellos vinculados o interesados al gremio editorial, buscando la mayor satisfacci\u00f3n de nuestros seguidores y patrocinadores y promoviendo la pasi\u00f3n por la lectura.<\/span><\/li><\/ul>\t\t\t\t\t\t<\/div>\n\t\t\t\t<\/div>\n\t\t\t\t\t<\/div>\n\t\t<\/div>\n\t\t\t\t<div class=\"elementor-column elementor-col-20 elementor-top-column elementor-element elementor-element-6144548\" data-id=\"6144548\" data-element_type=\"column\">\n\t\t\t<div class=\"elementor-widget-wrap\">\n\t\t\t\t\t\t\t\t\t<\/div>\n\t\t<\/div>\n\t\t\t\t<div class=\"elementor-column elementor-col-20 elementor-top-column elementor-element elementor-element-106b37f\" data-id=\"106b37f\" data-element_type=\"column\">\n\t\t\t<div class=\"elementor-widget-wrap elementor-element-populated\">\n\t\t\t\t\t\t\t\t<div class=\"elementor-element elementor-element-b723edf elementor-widget elementor-widget-image\" data-id=\"b723edf\" data-element_type=\"widget\" data-widget_type=\"image.default\">\n\t\t\t\t<div class=\"elementor-widget-container\">\n\t\t\t\t\t\t\t\t\t\t\t\t\t\t\t<img loading=\"lazy\" decoding=\"async\" width=\"270\" height=\"270\" src=\"https:\/\/ventanaabierta.org\/va\/wp-content\/uploads\/2022\/04\/VALORES_va.png\" class=\"attachment-large size-large\" alt=\"\" srcset=\"https:\/\/ventanaabierta.org\/va\/wp-content\/uploads\/2022\/04\/VALORES_va.png 270w, https:\/\/ventanaabierta.org\/va\/wp-content\/uploads\/2022\/04\/VALORES_va-150x150.png 150w\" sizes=\"auto, (max-width: 270px) 100vw, 270px\" \/>\t\t\t\t\t\t\t\t\t\t\t\t\t\t\t<\/div>\n\t\t\t\t<\/div>\n\t\t\t\t<div class=\"elementor-element elementor-element-e34dd14 elementor-widget elementor-widget-heading\" data-id=\"e34dd14\" data-element_type=\"widget\" data-widget_type=\"heading.default\">\n\t\t\t\t<div class=\"elementor-widget-container\">\n\t\t\t<h2 class=\"elementor-heading-title elementor-size-default\">Valores\n<\/h2>\t\t<\/div>\n\t\t\t\t<\/div>\n\t\t\t\t<div class=\"elementor-element elementor-element-2bdfe40 elementor-widget elementor-widget-text-editor\" data-id=\"2bdfe40\" data-element_type=\"widget\" data-widget_type=\"text-editor.default\">\n\t\t\t\t<div class=\"elementor-widget-container\">\n\t\t\t\t\t\t\t<ul><li><strong>Compromiso:<\/strong> Implicaci\u00f3n con la entidad, entorno social y ambiental.\u00a0<\/li><li><strong>Tolerancia:<\/strong> Aceptaci\u00f3n y respeto de las diferencias.\u00a0<\/li><li><strong>Igualdad:<\/strong> Mismas oportunidades para todas las personas, respetando las diferencias.\u00a0<\/li><li><strong>Interculturalidad:<\/strong> Convivencia, intercambio y aprendizaje entre culturas.\u00a0<\/li><li><strong>Transformaci\u00f3n Social:<\/strong> Ciudadan\u00eda activa.<\/li><\/ul>\t\t\t\t\t\t<\/div>\n\t\t\t\t<\/div>\n\t\t\t\t\t<\/div>\n\t\t<\/div>\n\t\t\t\t\t\t\t<\/div>\n\t\t<\/section>\n\t\t\t\t<section class=\"elementor-section elementor-top-section elementor-element elementor-element-2291f23 elementor-section-boxed elementor-section-height-default elementor-section-height-default\" data-id=\"2291f23\" data-element_type=\"section\">\n\t\t\t\t\t\t<div class=\"elementor-container elementor-column-gap-default\">\n\t\t\t\t\t<div class=\"elementor-column elementor-col-100 elementor-top-column elementor-element elementor-element-190da7b\" data-id=\"190da7b\" data-element_type=\"column\">\n\t\t\t<div class=\"elementor-widget-wrap elementor-element-populated\">\n\t\t\t\t\t\t\t\t<div class=\"elementor-element elementor-element-4e68c29 elementor-widget elementor-widget-spacer\" data-id=\"4e68c29\" data-element_type=\"widget\" data-widget_type=\"spacer.default\">\n\t\t\t\t<div class=\"elementor-widget-container\">\n\t\t\t\t\t<div class=\"elementor-spacer\">\n\t\t\t<div class=\"elementor-spacer-inner\"><\/div>\n\t\t<\/div>\n\t\t\t\t<\/div>\n\t\t\t\t<\/div>\n\t\t\t\t\t<\/div>\n\t\t<\/div>\n\t\t\t\t\t\t\t<\/div>\n\t\t<\/section>\n\t\t\t\t<section class=\"elementor-section elementor-top-section elementor-element elementor-element-7bec3b0 elementor-section-boxed elementor-section-height-default elementor-section-height-default\" data-id=\"7bec3b0\" data-element_type=\"section\">\n\t\t\t\t\t\t<div class=\"elementor-container elementor-column-gap-default\">\n\t\t\t\t\t<div class=\"elementor-column elementor-col-100 elementor-top-column elementor-element elementor-element-be1582a\" data-id=\"be1582a\" data-element_type=\"column\">\n\t\t\t<div class=\"elementor-widget-wrap elementor-element-populated\">\n\t\t\t\t\t\t\t\t<div class=\"elementor-element elementor-element-b62eda9 elementor-widget elementor-widget-heading\" data-id=\"b62eda9\" data-element_type=\"widget\" data-widget_type=\"heading.default\">\n\t\t\t\t<div class=\"elementor-widget-container\">\n\t\t\t<h2 class=\"elementor-heading-title elementor-size-default\">Nuestro equipo<\/h2>\t\t<\/div>\n\t\t\t\t<\/div>\n\t\t\t\t\t<\/div>\n\t\t<\/div>\n\t\t\t\t\t\t\t<\/div>\n\t\t<\/section>\n\t\t\t\t<section class=\"elementor-section elementor-top-section elementor-element elementor-element-798f03a elementor-section-boxed elementor-section-height-default elementor-section-height-default\" data-id=\"798f03a\" data-element_type=\"section\">\n\t\t\t\t\t\t<div class=\"elementor-container elementor-column-gap-default\">\n\t\t\t\t\t<div class=\"elementor-column elementor-col-100 elementor-top-column elementor-element elementor-element-503bdf3\" data-id=\"503bdf3\" data-element_type=\"column\">\n\t\t\t<div class=\"elementor-widget-wrap elementor-element-populated\">\n\t\t\t\t\t\t\t\t<div class=\"elementor-element elementor-element-cd339a3 gallery-spacing-custom elementor-invisible elementor-widget elementor-widget-image-gallery\" data-id=\"cd339a3\" data-element_type=\"widget\" data-settings=\"{&quot;motion_fx_motion_fx_mouse&quot;:&quot;yes&quot;,&quot;_animation&quot;:&quot;fadeIn&quot;}\" data-widget_type=\"image-gallery.default\">\n\t\t\t\t<div class=\"elementor-widget-container\">\n\t\t\t\t\t<div class=\"elementor-image-gallery\">\n\t\t\t<div id='gallery-1' class='gallery galleryid-20 gallery-columns-4 gallery-size-thumbnail'><figure class='gallery-item'>\n\t\t\t<div class='gallery-icon landscape'>\n\t\t\t\t<a data-elementor-open-lightbox=\"yes\" data-elementor-lightbox-slideshow=\"cd339a3\" data-elementor-lightbox-title=\"elianavasquez-300x300\" e-action-hash=\"#elementor-action%3Aaction%3Dlightbox%26settings%3DeyJpZCI6MjExLCJ1cmwiOiJodHRwczpcL1wvdmVudGFuYWFiaWVydGEub3JnXC92YVwvd3AtY29udGVudFwvdXBsb2Fkc1wvMjAyMlwvMDRcL2VsaWFuYXZhc3F1ZXotMzAweDMwMC0xLmpwZyIsInNsaWRlc2hvdyI6ImNkMzM5YTMifQ%3D%3D\" href='https:\/\/ventanaabierta.org\/va\/wp-content\/uploads\/2022\/04\/elianavasquez-300x300-1.jpg'><img loading=\"lazy\" decoding=\"async\" width=\"150\" height=\"150\" src=\"https:\/\/ventanaabierta.org\/va\/wp-content\/uploads\/2022\/04\/elianavasquez-300x300-1-150x150.jpg\" class=\"attachment-thumbnail size-thumbnail\" alt=\"\" aria-describedby=\"gallery-1-211\" srcset=\"https:\/\/ventanaabierta.org\/va\/wp-content\/uploads\/2022\/04\/elianavasquez-300x300-1-150x150.jpg 150w, https:\/\/ventanaabierta.org\/va\/wp-content\/uploads\/2022\/04\/elianavasquez-300x300-1.jpg 300w\" sizes=\"auto, (max-width: 150px) 100vw, 150px\" \/><\/a>\n\t\t\t<\/div>\n\t\t\t\t<figcaption class='wp-caption-text gallery-caption' id='gallery-1-211'>\n\t\t\t\tEliana V\u00e1squez\n\t\t\t\t<\/figcaption><\/figure><figure class='gallery-item'>\n\t\t\t<div class='gallery-icon landscape'>\n\t\t\t\t<a data-elementor-open-lightbox=\"yes\" data-elementor-lightbox-slideshow=\"cd339a3\" data-elementor-lightbox-title=\"eldi-300x300\" e-action-hash=\"#elementor-action%3Aaction%3Dlightbox%26settings%3DeyJpZCI6MjEwLCJ1cmwiOiJodHRwczpcL1wvdmVudGFuYWFiaWVydGEub3JnXC92YVwvd3AtY29udGVudFwvdXBsb2Fkc1wvMjAyMlwvMDRcL2VsZGktMzAweDMwMC0xLnBuZyIsInNsaWRlc2hvdyI6ImNkMzM5YTMifQ%3D%3D\" href='https:\/\/ventanaabierta.org\/va\/wp-content\/uploads\/2022\/04\/eldi-300x300-1.png'><img loading=\"lazy\" decoding=\"async\" width=\"150\" height=\"150\" src=\"https:\/\/ventanaabierta.org\/va\/wp-content\/uploads\/2022\/04\/eldi-300x300-1-150x150.png\" class=\"attachment-thumbnail size-thumbnail\" alt=\"\" aria-describedby=\"gallery-1-210\" srcset=\"https:\/\/ventanaabierta.org\/va\/wp-content\/uploads\/2022\/04\/eldi-300x300-1-150x150.png 150w, https:\/\/ventanaabierta.org\/va\/wp-content\/uploads\/2022\/04\/eldi-300x300-1.png 300w\" sizes=\"auto, (max-width: 150px) 100vw, 150px\" \/><\/a>\n\t\t\t<\/div>\n\t\t\t\t<figcaption class='wp-caption-text gallery-caption' id='gallery-1-210'>\n\t\t\t\tEldi Rosa Toro\n\t\t\t\t<\/figcaption><\/figure><figure class='gallery-item'>\n\t\t\t<div class='gallery-icon portrait'>\n\t\t\t\t<a data-elementor-open-lightbox=\"yes\" data-elementor-lightbox-slideshow=\"cd339a3\" data-elementor-lightbox-title=\"atala-300x300\" e-action-hash=\"#elementor-action%3Aaction%3Dlightbox%26settings%3DeyJpZCI6MjA3LCJ1cmwiOiJodHRwczpcL1wvdmVudGFuYWFiaWVydGEub3JnXC92YVwvd3AtY29udGVudFwvdXBsb2Fkc1wvMjAyMlwvMDRcL2F0YWxhLTMwMHgzMDAtMS5qcGciLCJzbGlkZXNob3ciOiJjZDMzOWEzIn0%3D\" href='https:\/\/ventanaabierta.org\/va\/wp-content\/uploads\/2022\/04\/atala-300x300-1.jpg'><img loading=\"lazy\" decoding=\"async\" width=\"150\" height=\"150\" src=\"https:\/\/ventanaabierta.org\/va\/wp-content\/uploads\/2022\/04\/atala-300x300-1-150x150.jpg\" class=\"attachment-thumbnail size-thumbnail\" alt=\"\" aria-describedby=\"gallery-1-207\" srcset=\"https:\/\/ventanaabierta.org\/va\/wp-content\/uploads\/2022\/04\/atala-300x300-1-150x150.jpg 150w, https:\/\/ventanaabierta.org\/va\/wp-content\/uploads\/2022\/04\/atala-300x300-1.jpg 300w\" sizes=\"auto, (max-width: 150px) 100vw, 150px\" \/><\/a>\n\t\t\t<\/div>\n\t\t\t\t<figcaption class='wp-caption-text gallery-caption' id='gallery-1-207'>\n\t\t\t\tAtala Matellini\n\t\t\t\t<\/figcaption><\/figure><figure class='gallery-item'>\n\t\t\t<div class='gallery-icon portrait'>\n\t\t\t\t<a data-elementor-open-lightbox=\"yes\" data-elementor-lightbox-slideshow=\"cd339a3\" data-elementor-lightbox-title=\"carlos-300x300\" e-action-hash=\"#elementor-action%3Aaction%3Dlightbox%26settings%3DeyJpZCI6MjA4LCJ1cmwiOiJodHRwczpcL1wvdmVudGFuYWFiaWVydGEub3JnXC92YVwvd3AtY29udGVudFwvdXBsb2Fkc1wvMjAyMlwvMDRcL2Nhcmxvcy0zMDB4MzAwLTEuanBnIiwic2xpZGVzaG93IjoiY2QzMzlhMyJ9\" href='https:\/\/ventanaabierta.org\/va\/wp-content\/uploads\/2022\/04\/carlos-300x300-1.jpg'><img loading=\"lazy\" decoding=\"async\" width=\"150\" height=\"150\" src=\"https:\/\/ventanaabierta.org\/va\/wp-content\/uploads\/2022\/04\/carlos-300x300-1-150x150.jpg\" class=\"attachment-thumbnail size-thumbnail\" alt=\"\" aria-describedby=\"gallery-1-208\" \/><\/a>\n\t\t\t<\/div>\n\t\t\t\t<figcaption class='wp-caption-text gallery-caption' id='gallery-1-208'>\n\t\t\t\tCarlos L\u00f3pez Shmidt\n\t\t\t\t<\/figcaption><\/figure><figure class='gallery-item'>\n\t\t\t<div class='gallery-icon landscape'>\n\t\t\t\t<a data-elementor-open-lightbox=\"yes\" data-elementor-lightbox-slideshow=\"cd339a3\" data-elementor-lightbox-title=\"ricardo-300x300\" e-action-hash=\"#elementor-action%3Aaction%3Dlightbox%26settings%3DeyJpZCI6MjE0LCJ1cmwiOiJodHRwczpcL1wvdmVudGFuYWFiaWVydGEub3JnXC92YVwvd3AtY29udGVudFwvdXBsb2Fkc1wvMjAyMlwvMDRcL3JpY2FyZG8tMzAweDMwMC0xLmpwZyIsInNsaWRlc2hvdyI6ImNkMzM5YTMifQ%3D%3D\" href='https:\/\/ventanaabierta.org\/va\/wp-content\/uploads\/2022\/04\/ricardo-300x300-1.jpg'><img loading=\"lazy\" decoding=\"async\" width=\"150\" height=\"150\" src=\"https:\/\/ventanaabierta.org\/va\/wp-content\/uploads\/2022\/04\/ricardo-300x300-1-150x150.jpg\" class=\"attachment-thumbnail size-thumbnail\" alt=\"\" aria-describedby=\"gallery-1-214\" srcset=\"https:\/\/ventanaabierta.org\/va\/wp-content\/uploads\/2022\/04\/ricardo-300x300-1-150x150.jpg 150w, https:\/\/ventanaabierta.org\/va\/wp-content\/uploads\/2022\/04\/ricardo-300x300-1.jpg 300w\" sizes=\"auto, (max-width: 150px) 100vw, 150px\" \/><\/a>\n\t\t\t<\/div>\n\t\t\t\t<figcaption class='wp-caption-text gallery-caption' id='gallery-1-214'>\n\t\t\t\tRicardo Alejos\n\t\t\t\t<\/figcaption><\/figure><figure class='gallery-item'>\n\t\t\t<div class='gallery-icon landscape'>\n\t\t\t\t<a data-elementor-open-lightbox=\"yes\" data-elementor-lightbox-slideshow=\"cd339a3\" data-elementor-lightbox-title=\"carmen-flores-300x300\" e-action-hash=\"#elementor-action%3Aaction%3Dlightbox%26settings%3DeyJpZCI6MjA5LCJ1cmwiOiJodHRwczpcL1wvdmVudGFuYWFiaWVydGEub3JnXC92YVwvd3AtY29udGVudFwvdXBsb2Fkc1wvMjAyMlwvMDRcL2Nhcm1lbi1mbG9yZXMtMzAweDMwMC0xLnBuZyIsInNsaWRlc2hvdyI6ImNkMzM5YTMifQ%3D%3D\" href='https:\/\/ventanaabierta.org\/va\/wp-content\/uploads\/2022\/04\/carmen-flores-300x300-1.png'><img loading=\"lazy\" decoding=\"async\" width=\"150\" height=\"150\" src=\"https:\/\/ventanaabierta.org\/va\/wp-content\/uploads\/2022\/04\/carmen-flores-300x300-1-150x150.png\" class=\"attachment-thumbnail size-thumbnail\" alt=\"\" aria-describedby=\"gallery-1-209\" srcset=\"https:\/\/ventanaabierta.org\/va\/wp-content\/uploads\/2022\/04\/carmen-flores-300x300-1-150x150.png 150w, https:\/\/ventanaabierta.org\/va\/wp-content\/uploads\/2022\/04\/carmen-flores-300x300-1.png 300w\" sizes=\"auto, (max-width: 150px) 100vw, 150px\" \/><\/a>\n\t\t\t<\/div>\n\t\t\t\t<figcaption class='wp-caption-text gallery-caption' id='gallery-1-209'>\n\t\t\t\tCarmen Flores\n\t\t\t\t<\/figcaption><\/figure><figure class='gallery-item'>\n\t\t\t<div class='gallery-icon landscape'>\n\t\t\t\t<a data-elementor-open-lightbox=\"yes\" data-elementor-lightbox-slideshow=\"cd339a3\" data-elementor-lightbox-title=\"nora-300x300\" e-action-hash=\"#elementor-action%3Aaction%3Dlightbox%26settings%3DeyJpZCI6MjEzLCJ1cmwiOiJodHRwczpcL1wvdmVudGFuYWFiaWVydGEub3JnXC92YVwvd3AtY29udGVudFwvdXBsb2Fkc1wvMjAyMlwvMDRcL25vcmEtMzAweDMwMC0xLnBuZyIsInNsaWRlc2hvdyI6ImNkMzM5YTMifQ%3D%3D\" href='https:\/\/ventanaabierta.org\/va\/wp-content\/uploads\/2022\/04\/nora-300x300-1.png'><img loading=\"lazy\" decoding=\"async\" width=\"150\" height=\"150\" src=\"https:\/\/ventanaabierta.org\/va\/wp-content\/uploads\/2022\/04\/nora-300x300-1-150x150.png\" class=\"attachment-thumbnail size-thumbnail\" alt=\"\" aria-describedby=\"gallery-1-213\" srcset=\"https:\/\/ventanaabierta.org\/va\/wp-content\/uploads\/2022\/04\/nora-300x300-1-150x150.png 150w, https:\/\/ventanaabierta.org\/va\/wp-content\/uploads\/2022\/04\/nora-300x300-1.png 300w\" sizes=\"auto, (max-width: 150px) 100vw, 150px\" \/><\/a>\n\t\t\t<\/div>\n\t\t\t\t<figcaption class='wp-caption-text gallery-caption' id='gallery-1-213'>\n\t\t\t\tNora Acevedo\n\t\t\t\t<\/figcaption><\/figure><figure class='gallery-item'>\n\t\t\t<div class='gallery-icon landscape'>\n\t\t\t\t<a data-elementor-open-lightbox=\"yes\" data-elementor-lightbox-slideshow=\"cd339a3\" data-elementor-lightbox-title=\"jose-garcia-maza-300x300\" e-action-hash=\"#elementor-action%3Aaction%3Dlightbox%26settings%3DeyJpZCI6MjEyLCJ1cmwiOiJodHRwczpcL1wvdmVudGFuYWFiaWVydGEub3JnXC92YVwvd3AtY29udGVudFwvdXBsb2Fkc1wvMjAyMlwvMDRcL2pvc2UtZ2FyY2lhLW1hemEtMzAweDMwMC0xLnBuZyIsInNsaWRlc2hvdyI6ImNkMzM5YTMifQ%3D%3D\" href='https:\/\/ventanaabierta.org\/va\/wp-content\/uploads\/2022\/04\/jose-garcia-maza-300x300-1.png'><img loading=\"lazy\" decoding=\"async\" width=\"150\" height=\"150\" src=\"https:\/\/ventanaabierta.org\/va\/wp-content\/uploads\/2022\/04\/jose-garcia-maza-300x300-1-150x150.png\" class=\"attachment-thumbnail size-thumbnail\" alt=\"\" aria-describedby=\"gallery-1-212\" srcset=\"https:\/\/ventanaabierta.org\/va\/wp-content\/uploads\/2022\/04\/jose-garcia-maza-300x300-1-150x150.png 150w, https:\/\/ventanaabierta.org\/va\/wp-content\/uploads\/2022\/04\/jose-garcia-maza-300x300-1.png 300w\" sizes=\"auto, (max-width: 150px) 100vw, 150px\" \/><\/a>\n\t\t\t<\/div>\n\t\t\t\t<figcaption class='wp-caption-text gallery-caption' id='gallery-1-212'>\n\t\t\t\tJos\u00e9 Garc\u00eda\n\t\t\t\t<\/figcaption><\/figure>\n\t\t<\/div>\n\t\t<\/div>\n\t\t\t\t<\/div>\n\t\t\t\t<\/div>\n\t\t\t\t\t<\/div>\n\t\t<\/div>\n\t\t\t\t\t\t\t<\/div>\n\t\t<\/section>\n\t\t\t\t<section class=\"elementor-section elementor-top-section elementor-element elementor-element-a3250af elementor-section-boxed elementor-section-height-default elementor-section-height-default\" data-id=\"a3250af\" data-element_type=\"section\">\n\t\t\t\t\t\t<div class=\"elementor-container elementor-column-gap-default\">\n\t\t\t\t\t<div class=\"elementor-column elementor-col-100 elementor-top-column elementor-element elementor-element-b60d1f5\" data-id=\"b60d1f5\" data-element_type=\"column\">\n\t\t\t<div class=\"elementor-widget-wrap elementor-element-populated\">\n\t\t\t\t\t\t\t\t<div class=\"elementor-element elementor-element-2ec1d15 elementor-widget elementor-widget-spacer\" data-id=\"2ec1d15\" data-element_type=\"widget\" data-widget_type=\"spacer.default\">\n\t\t\t\t<div class=\"elementor-widget-container\">\n\t\t\t\t\t<div class=\"elementor-spacer\">\n\t\t\t<div class=\"elementor-spacer-inner\"><\/div>\n\t\t<\/div>\n\t\t\t\t<\/div>\n\t\t\t\t<\/div>\n\t\t\t\t\t<\/div>\n\t\t<\/div>\n\t\t\t\t\t\t\t<\/div>\n\t\t<\/section>\n\t\t\t\t\t\t\t<\/div>\n\t\t","protected":false},"excerpt":{"rendered":"<p>Misi\u00f3n Mantener informados\u00a0a los diferentes tipos lectores, a trav\u00e9s de noticias y actividades que desarrolla la Organizaci\u00f3n Educativa cultural Ventana Abierta Visi\u00f3n Ser el referente digital m\u00e1s grande de Per\u00fa\u00a0y referencia para todos aquellos vinculados o interesados al gremio editorial, buscando la mayor satisfacci\u00f3n de nuestros seguidores y patrocinadores y promoviendo la pasi\u00f3n por la [&hellip;]<\/p>\n","protected":false},"author":1,"featured_media":0,"parent":0,"menu_order":0,"comment_status":"closed","ping_status":"closed","template":"","meta":{"footnotes":""},"class_list":["post-20","page","type-page","status-publish","hentry"],"_links":{"self":[{"href":"https:\/\/ventanaabierta.org\/va\/wp-json\/wp\/v2\/pages\/20","targetHints":{"allow":["GET"]}}],"collection":[{"href":"https:\/\/ventanaabierta.org\/va\/wp-json\/wp\/v2\/pages"}],"about":[{"href":"https:\/\/ventanaabierta.org\/va\/wp-json\/wp\/v2\/types\/page"}],"author":[{"embeddable":true,"href":"https:\/\/ventanaabierta.org\/va\/wp-json\/wp\/v2\/users\/1"}],"replies":[{"embeddable":true,"href":"https:\/\/ventanaabierta.org\/va\/wp-json\/wp\/v2\/comments?post=20"}],"version-history":[{"count":19,"href":"https:\/\/ventanaabierta.org\/va\/wp-json\/wp\/v2\/pages\/20\/revisions"}],"predecessor-version":[{"id":221,"href":"https:\/\/ventanaabierta.org\/va\/wp-json\/wp\/v2\/pages\/20\/revisions\/221"}],"wp:attachment":[{"href":"https:\/\/ventanaabierta.org\/va\/wp-json\/wp\/v2\/media?parent=20"}],"curies":[{"name":"wp","href":"https:\/\/api.w.org\/{rel}","templated":true}]}}