{"id":1725,"date":"2026-02-07T00:59:25","date_gmt":"2026-02-07T00:59:25","guid":{"rendered":"https:\/\/ventanaabierta.org\/va\/?page_id=1725"},"modified":"2026-03-07T15:04:50","modified_gmt":"2026-03-07T15:04:50","slug":"biblioteca-ventana-abierta","status":"publish","type":"page","link":"https:\/\/ventanaabierta.org\/va\/biblioteca-ventana-abierta\/","title":{"rendered":"Biblioteca"},"content":{"rendered":"\t\t<div data-elementor-type=\"wp-page\" data-elementor-id=\"1725\" class=\"elementor elementor-1725\">\n\t\t\t\t\t\t\t\t\t<section class=\"elementor-section elementor-top-section elementor-element elementor-element-c52d909 elementor-section-boxed elementor-section-height-default elementor-section-height-default\" data-id=\"c52d909\" data-element_type=\"section\">\n\t\t\t\t\t\t<div class=\"elementor-container elementor-column-gap-default\">\n\t\t\t\t\t<div class=\"elementor-column elementor-col-100 elementor-top-column elementor-element elementor-element-b02e4ac\" data-id=\"b02e4ac\" data-element_type=\"column\">\n\t\t\t<div class=\"elementor-widget-wrap elementor-element-populated\">\n\t\t\t\t\t\t\t\t<div class=\"elementor-element elementor-element-4e49207 elementor-widget elementor-widget-image\" data-id=\"4e49207\" data-element_type=\"widget\" data-widget_type=\"image.default\">\n\t\t\t\t<div class=\"elementor-widget-container\">\n\t\t\t\t\t\t\t\t\t\t\t\t\t\t\t<img loading=\"lazy\" decoding=\"async\" width=\"1498\" height=\"350\" src=\"https:\/\/ventanaabierta.org\/va\/wp-content\/uploads\/2022\/04\/ID_PUBLICACIONES.jpg\" class=\"attachment-full size-full\" alt=\"\" srcset=\"https:\/\/ventanaabierta.org\/va\/wp-content\/uploads\/2022\/04\/ID_PUBLICACIONES.jpg 1498w, https:\/\/ventanaabierta.org\/va\/wp-content\/uploads\/2022\/04\/ID_PUBLICACIONES-300x70.jpg 300w, https:\/\/ventanaabierta.org\/va\/wp-content\/uploads\/2022\/04\/ID_PUBLICACIONES-1024x239.jpg 1024w, https:\/\/ventanaabierta.org\/va\/wp-content\/uploads\/2022\/04\/ID_PUBLICACIONES-768x179.jpg 768w\" sizes=\"auto, (max-width: 1498px) 100vw, 1498px\" \/>\t\t\t\t\t\t\t\t\t\t\t\t\t\t\t<\/div>\n\t\t\t\t<\/div>\n\t\t\t\t\t<\/div>\n\t\t<\/div>\n\t\t\t\t\t\t\t<\/div>\n\t\t<\/section>\n\t\t\t\t<section class=\"elementor-section elementor-top-section elementor-element elementor-element-df06296 elementor-section-boxed elementor-section-height-default elementor-section-height-default\" data-id=\"df06296\" data-element_type=\"section\">\n\t\t\t\t\t\t<div class=\"elementor-container elementor-column-gap-default\">\n\t\t\t\t\t<div class=\"elementor-column elementor-col-100 elementor-top-column elementor-element elementor-element-acc001b\" data-id=\"acc001b\" data-element_type=\"column\">\n\t\t\t<div class=\"elementor-widget-wrap elementor-element-populated\">\n\t\t\t\t\t\t\t\t<div class=\"elementor-element elementor-element-188697c elementor-widget elementor-widget-heading\" data-id=\"188697c\" data-element_type=\"widget\" data-widget_type=\"heading.default\">\n\t\t\t\t<div class=\"elementor-widget-container\">\n\t\t\t<h2 class=\"elementor-heading-title elementor-size-default\">Biblioteca <\/h2>\t\t<\/div>\n\t\t\t\t<\/div>\n\t\t\t\t\t<\/div>\n\t\t<\/div>\n\t\t\t\t\t\t\t<\/div>\n\t\t<\/section>\n\t\t\t\t<section class=\"elementor-section elementor-top-section elementor-element elementor-element-65df123 elementor-section-boxed elementor-section-height-default elementor-section-height-default\" data-id=\"65df123\" data-element_type=\"section\">\n\t\t\t\t\t\t<div class=\"elementor-container elementor-column-gap-default\">\n\t\t\t\t\t<div class=\"elementor-column elementor-col-100 elementor-top-column elementor-element elementor-element-638fdda\" data-id=\"638fdda\" data-element_type=\"column\">\n\t\t\t<div class=\"elementor-widget-wrap elementor-element-populated\">\n\t\t\t\t\t\t\t\t<div class=\"elementor-element elementor-element-b3a1e6b elementor-widget-divider--view-line_icon elementor-view-default elementor-widget-divider--element-align-center elementor-widget elementor-widget-divider\" data-id=\"b3a1e6b\" data-element_type=\"widget\" data-widget_type=\"divider.default\">\n\t\t\t\t<div class=\"elementor-widget-container\">\n\t\t\t\t\t<div class=\"elementor-divider\">\n\t\t\t<span class=\"elementor-divider-separator\">\n\t\t\t\t\t\t\t<div class=\"elementor-icon elementor-divider__element\">\n\t\t\t\t\t<i aria-hidden=\"true\" class=\"fas fa-book-open\"><\/i><\/div>\n\t\t\t\t\t\t<\/span>\n\t\t<\/div>\n\t\t\t\t<\/div>\n\t\t\t\t<\/div>\n\t\t\t\t\t<\/div>\n\t\t<\/div>\n\t\t\t\t\t\t\t<\/div>\n\t\t<\/section>\n\t\t\t\t<section class=\"elementor-section elementor-top-section elementor-element elementor-element-59718fa elementor-section-boxed elementor-section-height-default elementor-section-height-default\" data-id=\"59718fa\" data-element_type=\"section\">\n\t\t\t\t\t\t<div class=\"elementor-container elementor-column-gap-default\">\n\t\t\t\t\t<div class=\"elementor-column elementor-col-50 elementor-top-column elementor-element elementor-element-7a277fa\" data-id=\"7a277fa\" data-element_type=\"column\">\n\t\t\t<div class=\"elementor-widget-wrap elementor-element-populated\">\n\t\t\t\t\t\t\t\t<div class=\"elementor-element elementor-element-c63600c elementor-widget elementor-widget-image\" data-id=\"c63600c\" data-element_type=\"widget\" data-widget_type=\"image.default\">\n\t\t\t\t<div class=\"elementor-widget-container\">\n\t\t\t\t\t\t\t\t\t\t\t\t\t\t\t<img loading=\"lazy\" decoding=\"async\" width=\"140\" height=\"140\" src=\"https:\/\/ventanaabierta.org\/va\/wp-content\/uploads\/2022\/04\/Logo_va_footer.png\" class=\"attachment-large size-large\" alt=\"\" \/>\t\t\t\t\t\t\t\t\t\t\t\t\t\t\t<\/div>\n\t\t\t\t<\/div>\n\t\t\t\t\t<\/div>\n\t\t<\/div>\n\t\t\t\t<div class=\"elementor-column elementor-col-50 elementor-top-column elementor-element elementor-element-47ad928\" data-id=\"47ad928\" data-element_type=\"column\">\n\t\t\t<div class=\"elementor-widget-wrap elementor-element-populated\">\n\t\t\t\t\t\t\t\t<div class=\"elementor-element elementor-element-8117f16 elementor-widget elementor-widget-text-editor\" data-id=\"8117f16\" data-element_type=\"widget\" data-widget_type=\"text-editor.default\">\n\t\t\t\t<div class=\"elementor-widget-container\">\n\t\t\t\t\t\t\t<blockquote class=\"\"><p>Ventana Abierta, con el af\u00e1n de contribuir a la difusi\u00f3n literaria, educativa y cultural asume el reto de publicar continuamente textos in\u00e9ditos de nuestros colaboradores m\u00e1s cercanos. De esta forma todos podemos compartir sus publicaciones y as\u00ed difundir nuestra cultura y despertar el esp\u00edritu cr\u00edtico de nuestros seguidores.<\/p><\/blockquote><blockquote class=\"\"><p>Les damos la bienvenida a este nuevo espacio.<\/p><\/blockquote><blockquote class=\"\"><p>\u00a0<\/p><\/blockquote>\t\t\t\t\t\t<\/div>\n\t\t\t\t<\/div>\n\t\t\t\t\t<\/div>\n\t\t<\/div>\n\t\t\t\t\t\t\t<\/div>\n\t\t<\/section>\n\t\t\t\t<section class=\"elementor-section elementor-top-section elementor-element elementor-element-f34ffea elementor-section-boxed elementor-section-height-default elementor-section-height-default\" data-id=\"f34ffea\" data-element_type=\"section\">\n\t\t\t\t\t\t<div class=\"elementor-container elementor-column-gap-default\">\n\t\t\t\t\t<div class=\"elementor-column elementor-col-100 elementor-top-column elementor-element elementor-element-b597806\" data-id=\"b597806\" data-element_type=\"column\">\n\t\t\t<div class=\"elementor-widget-wrap elementor-element-populated\">\n\t\t\t\t\t\t\t\t<div class=\"elementor-element elementor-element-dcbd9ee elementor-widget elementor-widget-image\" data-id=\"dcbd9ee\" data-element_type=\"widget\" data-widget_type=\"image.default\">\n\t\t\t\t<div class=\"elementor-widget-container\">\n\t\t\t\t\t\t\t\t\t\t\t\t\t\t\t<img decoding=\"async\" src=\"https:\/\/ventanaabierta.org\/va\/wp-content\/uploads\/elementor\/thumbs\/Siete-pasesos-por-la-niebla-rk5vmyxgfm53ty49rgopounjgy6fa6cispfapi15ig.jpg\" title=\"Siete pasesos por la niebla\" alt=\"Siete pasesos por la niebla\" \/>\t\t\t\t\t\t\t\t\t\t\t\t\t\t\t<\/div>\n\t\t\t\t<\/div>\n\t\t\t\t<div class=\"elementor-element elementor-element-cc30f12 elementor-align-center elementor-widget elementor-widget-button\" data-id=\"cc30f12\" data-element_type=\"widget\" data-widget_type=\"button.default\">\n\t\t\t\t<div class=\"elementor-widget-container\">\n\t\t\t\t\t<div class=\"elementor-button-wrapper\">\n\t\t\t<a href=\"https:\/\/ventanaabierta.org\/va\/wp-content\/uploads\/2026\/03\/Siete-Paseos-por-la-Niebla-Libro-1.pdf\" class=\"elementor-button-link elementor-button elementor-size-sm\" role=\"button\">\n\t\t\t\t\t\t<span class=\"elementor-button-content-wrapper\">\n\t\t\t\t\t\t<span class=\"elementor-button-text\">Descarga PDF<\/span>\n\t\t<\/span>\n\t\t\t\t\t<\/a>\n\t\t<\/div>\n\t\t\t\t<\/div>\n\t\t\t\t<\/div>\n\t\t\t\t\t<\/div>\n\t\t<\/div>\n\t\t\t\t\t\t\t<\/div>\n\t\t<\/section>\n\t\t\t\t<section class=\"elementor-section elementor-top-section elementor-element elementor-element-13fc799 elementor-section-boxed elementor-section-height-default elementor-section-height-default\" data-id=\"13fc799\" data-element_type=\"section\">\n\t\t\t\t\t\t<div class=\"elementor-container elementor-column-gap-default\">\n\t\t\t\t\t<div class=\"elementor-column elementor-col-100 elementor-top-column elementor-element elementor-element-6f218e1\" data-id=\"6f218e1\" data-element_type=\"column\">\n\t\t\t<div class=\"elementor-widget-wrap elementor-element-populated\">\n\t\t\t\t\t\t\t\t<div class=\"elementor-element elementor-element-a3e56d7 elementor-widget elementor-widget-image\" data-id=\"a3e56d7\" data-element_type=\"widget\" data-widget_type=\"image.default\">\n\t\t\t\t<div class=\"elementor-widget-container\">\n\t\t\t\t\t\t\t\t\t\t\t\t\t\t\t<img decoding=\"async\" src=\"https:\/\/ventanaabierta.org\/va\/wp-content\/uploads\/elementor\/thumbs\/Vuelvo-a-ti_web-scaled-rjr7bi7yl7xgdmy92p1dquhqhop2a5e673khmsdpuw.jpg\" title=\"Vuelvo a ti_web\" alt=\"Vuelvo a ti_web\" \/>\t\t\t\t\t\t\t\t\t\t\t\t\t\t\t<\/div>\n\t\t\t\t<\/div>\n\t\t\t\t<div class=\"elementor-element elementor-element-1c3761b elementor-align-center elementor-widget elementor-widget-button\" data-id=\"1c3761b\" data-element_type=\"widget\" data-widget_type=\"button.default\">\n\t\t\t\t<div class=\"elementor-widget-container\">\n\t\t\t\t\t<div class=\"elementor-button-wrapper\">\n\t\t\t<a href=\"https:\/\/ventanaabierta.org\/va\/wp-content\/uploads\/2026\/03\/Y-vuelvo-a-ti-siempre_Nora-Acevedo_.pdf\" class=\"elementor-button-link elementor-button elementor-size-sm\" role=\"button\">\n\t\t\t\t\t\t<span class=\"elementor-button-content-wrapper\">\n\t\t\t\t\t\t<span class=\"elementor-button-text\">Descarga PDF<\/span>\n\t\t<\/span>\n\t\t\t\t\t<\/a>\n\t\t<\/div>\n\t\t\t\t<\/div>\n\t\t\t\t<\/div>\n\t\t\t\t\t<\/div>\n\t\t<\/div>\n\t\t\t\t\t\t\t<\/div>\n\t\t<\/section>\n\t\t\t\t<section class=\"elementor-section elementor-top-section elementor-element elementor-element-331970b elementor-section-boxed elementor-section-height-default elementor-section-height-default\" data-id=\"331970b\" data-element_type=\"section\">\n\t\t\t\t\t\t<div class=\"elementor-container elementor-column-gap-default\">\n\t\t\t\t\t<div class=\"elementor-column elementor-col-100 elementor-top-column elementor-element elementor-element-f7966e3\" data-id=\"f7966e3\" data-element_type=\"column\">\n\t\t\t<div class=\"elementor-widget-wrap elementor-element-populated\">\n\t\t\t\t\t\t\t\t<div class=\"elementor-element elementor-element-7cd4f2a elementor-widget elementor-widget-image\" data-id=\"7cd4f2a\" data-element_type=\"widget\" data-widget_type=\"image.default\">\n\t\t\t\t<div class=\"elementor-widget-container\">\n\t\t\t\t\t\t\t\t\t\t\t\t\t\t\t<img decoding=\"async\" src=\"https:\/\/ventanaabierta.org\/va\/wp-content\/uploads\/elementor\/thumbs\/LunaMiguel_ElColoquioDeLasPerras-ris44p85oobzs4avnvwld5dghprurdla282ecbsugw.jpg\" title=\"LunaMiguel_ElColoquioDeLasPerras\" alt=\"LunaMiguel_ElColoquioDeLasPerras\" \/>\t\t\t\t\t\t\t\t\t\t\t\t\t\t\t<\/div>\n\t\t\t\t<\/div>\n\t\t\t\t<div class=\"elementor-element elementor-element-c4f84a8 elementor-align-center elementor-widget elementor-widget-button\" data-id=\"c4f84a8\" data-element_type=\"widget\" data-widget_type=\"button.default\">\n\t\t\t\t<div class=\"elementor-widget-container\">\n\t\t\t\t\t<div class=\"elementor-button-wrapper\">\n\t\t\t<a href=\"https:\/\/ventanaabierta.org\/va\/wp-content\/uploads\/2026\/02\/El-coloquio-de-las-perras.pdf\" class=\"elementor-button-link elementor-button elementor-size-sm\" role=\"button\">\n\t\t\t\t\t\t<span class=\"elementor-button-content-wrapper\">\n\t\t\t\t\t\t<span class=\"elementor-button-text\">Descarga PDF<\/span>\n\t\t<\/span>\n\t\t\t\t\t<\/a>\n\t\t<\/div>\n\t\t\t\t<\/div>\n\t\t\t\t<\/div>\n\t\t\t\t\t<\/div>\n\t\t<\/div>\n\t\t\t\t\t\t\t<\/div>\n\t\t<\/section>\n\t\t\t\t<section class=\"elementor-section elementor-top-section elementor-element elementor-element-37f3b17 elementor-section-boxed elementor-section-height-default elementor-section-height-default\" data-id=\"37f3b17\" data-element_type=\"section\">\n\t\t\t\t\t\t<div class=\"elementor-container elementor-column-gap-default\">\n\t\t\t\t\t<div class=\"elementor-column elementor-col-100 elementor-top-column elementor-element elementor-element-c10ff25\" data-id=\"c10ff25\" data-element_type=\"column\">\n\t\t\t<div class=\"elementor-widget-wrap\">\n\t\t\t\t\t\t\t\t\t<\/div>\n\t\t<\/div>\n\t\t\t\t\t\t\t<\/div>\n\t\t<\/section>\n\t\t\t\t\t\t\t<\/div>\n\t\t","protected":false},"excerpt":{"rendered":"<p>Biblioteca Ventana Abierta, con el af\u00e1n de contribuir a la difusi\u00f3n literaria, educativa y cultural asume el reto de publicar continuamente textos in\u00e9ditos de nuestros colaboradores m\u00e1s cercanos. De esta forma todos podemos compartir sus publicaciones y as\u00ed difundir nuestra cultura y despertar el esp\u00edritu cr\u00edtico de nuestros seguidores. Les damos la bienvenida a este [&hellip;]<\/p>\n","protected":false},"author":1,"featured_media":0,"parent":0,"menu_order":0,"comment_status":"closed","ping_status":"closed","template":"elementor_canvas","meta":{"footnotes":""},"class_list":["post-1725","page","type-page","status-publish","hentry"],"_links":{"self":[{"href":"https:\/\/ventanaabierta.org\/va\/wp-json\/wp\/v2\/pages\/1725","targetHints":{"allow":["GET"]}}],"collection":[{"href":"https:\/\/ventanaabierta.org\/va\/wp-json\/wp\/v2\/pages"}],"about":[{"href":"https:\/\/ventanaabierta.org\/va\/wp-json\/wp\/v2\/types\/page"}],"author":[{"embeddable":true,"href":"https:\/\/ventanaabierta.org\/va\/wp-json\/wp\/v2\/users\/1"}],"replies":[{"embeddable":true,"href":"https:\/\/ventanaabierta.org\/va\/wp-json\/wp\/v2\/comments?post=1725"}],"version-history":[{"count":26,"href":"https:\/\/ventanaabierta.org\/va\/wp-json\/wp\/v2\/pages\/1725\/revisions"}],"predecessor-version":[{"id":1781,"href":"https:\/\/ventanaabierta.org\/va\/wp-json\/wp\/v2\/pages\/1725\/revisions\/1781"}],"wp:attachment":[{"href":"https:\/\/ventanaabierta.org\/va\/wp-json\/wp\/v2\/media?parent=1725"}],"curies":[{"name":"wp","href":"https:\/\/api.w.org\/{rel}","templated":true}]}}